{"id":385,"date":"2019-04-14T12:50:59","date_gmt":"2019-04-14T12:50:59","guid":{"rendered":"http:\/\/burmaprojekt.de\/?page_id=385"},"modified":"2019-04-14T12:50:59","modified_gmt":"2019-04-14T12:50:59","slug":"philosophie","status":"publish","type":"page","link":"https:\/\/burmaprojekt.de\/?page_id=385","title":{"rendered":"Philosophie"},"content":{"rendered":"\n<p>F\u00fcr Demokratie und Menschenrechte <em>Burma Projekt e.V.<\/em>\u00a0wurde 1991 von in Berlin lebenden Burmesen und deutschen Freunden gegr\u00fcndet. Dem Verein geh\u00f6ren mittlerweile \u00fcber vierzig Mitglieder an. Die nach der Satzung festgelegten Ziele von\u00a0<em>Burma Projekt e.V.<\/em>\u00a0sind:<\/p>\n\n\n\n<ul class=\"wp-block-list\"><li>die F\u00f6rderung des kulturellen Austauschs zwischen den V\u00f6lkern Burmas und Deutsch-lands,<\/li><li>die Verbreitung von Informationen \u00fcber Burma<\/li><li>die Linderung der Armut der in Burma lebenden Menschen<\/li><\/ul>\n\n\n\n<p><em>Burma Projekt e.V.<\/em>&nbsp;organisiert seit \u00fcber zehn Jahren mit Geld- und Sachspenden Projekte vorwiegend in den Bereichen Bildung und Gesundheit. Die meistens Vereinsmitglieder haben Burma seit 1993 besucht und k\u00f6nnen die Arbeit vor Ort betreuen. In Zusammenarbeit mit Nichtregierungsorganisationen werden Projekte wie humanit\u00e4re Hilfeleistungen f\u00fcr politische Fl\u00fcchtlinge und ethnische Minderheiten auch im Grenzgebiet zu Thailand durchgef\u00fchrt.&nbsp;<em>Burma Projekt e.V.<\/em>&nbsp;kann die Projekte erfolgreich planen und realisieren, weil seine Mitglieder um die kulturellen Besonderheiten wissen und \u00fcber die politischen wie wirtschaftlichen Ver-h\u00e4ltnisse in Burma informiert sind. Daher kann der Verein Priorit\u00e4ten gezielt festlegen und sich vor allem f\u00fcr die Menschen einsetzen, die Hilfe wirklich brauchen. Hierbei ist es uns ein besonderes Anliegen, den Kindern in Burma und in den Fl\u00fcchtlingslagern an den Grenzen zu helfen. Um den Informationsauftrag zu erf\u00fcllen und die Projekte zu realisieren, organisiert&nbsp;<em>Burma Projekt e.V.<\/em>&nbsp;u.a. Tagungen und Veranstaltungen in verschiedenen Rahmen. Dies schlie\u00dft die enge Zusammenarbeit mit deutschen Stiftungen, Parlamentariern aller im Bundestag vertrete-nen Parteien sowie mit verschiedenen Organisationen, Vereinen und Initiativen in Deutsch-land ein. Die Vereinsmitglieder sind \u00fcberzeugt, da\u00df sie mit ihren Aktivit\u00e4ten einen wichtigen Beitrag zu einer Entwicklung in Burma leisten, die mit gewaltlosen und friedlichen Mitteln in eine rechtsstaatliche Gesellschaftsordnung m\u00fcndet.\n\n<\/p>\n\n\n<p><!--EndFragment--><br>\n<br>\n<\/p>","protected":false},"excerpt":{"rendered":"<p>F\u00fcr Demokratie und Menschenrechte Burma Projekt e.V.\u00a0wurde 1991 von in Berlin lebenden Burmesen und deutschen Freunden gegr\u00fcndet. Dem Verein geh\u00f6ren mittlerweile \u00fcber vierzig Mitglieder an. Die nach der Satzung festgelegten Ziele von\u00a0Burma Projekt e.V.\u00a0sind: die F\u00f6rderung des kulturellen&#8230; <a class=\"read-more\" href=\"https:\/\/burmaprojekt.de\/?page_id=385\">Read More<\/a><\/p>\n","protected":false},"author":1,"featured_media":0,"parent":0,"menu_order":0,"comment_status":"closed","ping_status":"closed","template":"","meta":{"footnotes":""},"class_list":["post-385","page","type-page","status-publish","hentry","no-comments"],"yoast_head":"<!-- This site is optimized with the Yoast SEO plugin v24.7 - https:\/\/yoast.com\/wordpress\/plugins\/seo\/ -->\n<title>Philosophie &#8226; Burma Projekt<\/title>\n<meta name=\"robots\" content=\"index, follow, max-snippet:-1, max-image-preview:large, max-video-preview:-1\" \/>\n<link rel=\"canonical\" href=\"https:\/\/burmaprojekt.de\/?page_id=385\" \/>\n<meta property=\"og:locale\" content=\"en_US\" \/>\n<meta property=\"og:type\" content=\"article\" \/>\n<meta property=\"og:title\" content=\"Philosophie &#8226; Burma Projekt\" \/>\n<meta property=\"og:description\" content=\"F\u00fcr Demokratie und Menschenrechte Burma Projekt e.V.\u00a0wurde 1991 von in Berlin lebenden Burmesen und deutschen Freunden gegr\u00fcndet. Dem Verein geh\u00f6ren mittlerweile \u00fcber vierzig Mitglieder an. Die nach der Satzung festgelegten Ziele von\u00a0Burma Projekt e.V.\u00a0sind: die F\u00f6rderung des kulturellen... Read More\" \/>\n<meta property=\"og:url\" content=\"https:\/\/burmaprojekt.de\/?page_id=385\" \/>\n<meta property=\"og:site_name\" content=\"Burma Projekt\" \/>\n<meta name=\"twitter:card\" content=\"summary_large_image\" \/>\n<meta name=\"twitter:label1\" content=\"Est. reading time\" \/>\n\t<meta name=\"twitter:data1\" content=\"1 minute\" \/>\n<script type=\"application\/ld+json\" class=\"yoast-schema-graph\">{\"@context\":\"https:\/\/schema.org\",\"@graph\":[{\"@type\":\"WebPage\",\"@id\":\"https:\/\/burmaprojekt.de\/?page_id=385\",\"url\":\"https:\/\/burmaprojekt.de\/?page_id=385\",\"name\":\"Philosophie &#8226; Burma Projekt\",\"isPartOf\":{\"@id\":\"https:\/\/burmaprojekt.de\/#website\"},\"datePublished\":\"2019-04-14T12:50:59+00:00\",\"breadcrumb\":{\"@id\":\"https:\/\/burmaprojekt.de\/?page_id=385#breadcrumb\"},\"inLanguage\":\"en-US\",\"potentialAction\":[{\"@type\":\"ReadAction\",\"target\":[\"https:\/\/burmaprojekt.de\/?page_id=385\"]}]},{\"@type\":\"BreadcrumbList\",\"@id\":\"https:\/\/burmaprojekt.de\/?page_id=385#breadcrumb\",\"itemListElement\":[{\"@type\":\"ListItem\",\"position\":1,\"name\":\"Home\",\"item\":\"https:\/\/burmaprojekt.de\/\"},{\"@type\":\"ListItem\",\"position\":2,\"name\":\"Philosophie\"}]},{\"@type\":\"WebSite\",\"@id\":\"https:\/\/burmaprojekt.de\/#website\",\"url\":\"https:\/\/burmaprojekt.de\/\",\"name\":\"Burma Projekt\",\"description\":\"\",\"publisher\":{\"@id\":\"https:\/\/burmaprojekt.de\/#organization\"},\"potentialAction\":[{\"@type\":\"SearchAction\",\"target\":{\"@type\":\"EntryPoint\",\"urlTemplate\":\"https:\/\/burmaprojekt.de\/?s={search_term_string}\"},\"query-input\":{\"@type\":\"PropertyValueSpecification\",\"valueRequired\":true,\"valueName\":\"search_term_string\"}}],\"inLanguage\":\"en-US\"},{\"@type\":\"Organization\",\"@id\":\"https:\/\/burmaprojekt.de\/#organization\",\"name\":\"Burma Projekt e.V. Berlin\",\"url\":\"https:\/\/burmaprojekt.de\/\",\"logo\":{\"@type\":\"ImageObject\",\"inLanguage\":\"en-US\",\"@id\":\"https:\/\/burmaprojekt.de\/#\/schema\/logo\/image\/\",\"url\":\"https:\/\/burmaprojekt.de\/wp-content\/uploads\/2019\/03\/Logo.jpg\",\"contentUrl\":\"https:\/\/burmaprojekt.de\/wp-content\/uploads\/2019\/03\/Logo.jpg\",\"width\":467,\"height\":720,\"caption\":\"Burma Projekt e.V. Berlin\"},\"image\":{\"@id\":\"https:\/\/burmaprojekt.de\/#\/schema\/logo\/image\/\"}}]}<\/script>\n<!-- \/ Yoast SEO plugin. -->","yoast_head_json":{"title":"Philosophie &#8226; Burma Projekt","robots":{"index":"index","follow":"follow","max-snippet":"max-snippet:-1","max-image-preview":"max-image-preview:large","max-video-preview":"max-video-preview:-1"},"canonical":"https:\/\/burmaprojekt.de\/?page_id=385","og_locale":"en_US","og_type":"article","og_title":"Philosophie &#8226; Burma Projekt","og_description":"F\u00fcr Demokratie und Menschenrechte Burma Projekt e.V.\u00a0wurde 1991 von in Berlin lebenden Burmesen und deutschen Freunden gegr\u00fcndet. Dem Verein geh\u00f6ren mittlerweile \u00fcber vierzig Mitglieder an. Die nach der Satzung festgelegten Ziele von\u00a0Burma Projekt e.V.\u00a0sind: die F\u00f6rderung des kulturellen... Read More","og_url":"https:\/\/burmaprojekt.de\/?page_id=385","og_site_name":"Burma Projekt","twitter_card":"summary_large_image","twitter_misc":{"Est. reading time":"1 minute"},"schema":{"@context":"https:\/\/schema.org","@graph":[{"@type":"WebPage","@id":"https:\/\/burmaprojekt.de\/?page_id=385","url":"https:\/\/burmaprojekt.de\/?page_id=385","name":"Philosophie &#8226; Burma Projekt","isPartOf":{"@id":"https:\/\/burmaprojekt.de\/#website"},"datePublished":"2019-04-14T12:50:59+00:00","breadcrumb":{"@id":"https:\/\/burmaprojekt.de\/?page_id=385#breadcrumb"},"inLanguage":"en-US","potentialAction":[{"@type":"ReadAction","target":["https:\/\/burmaprojekt.de\/?page_id=385"]}]},{"@type":"BreadcrumbList","@id":"https:\/\/burmaprojekt.de\/?page_id=385#breadcrumb","itemListElement":[{"@type":"ListItem","position":1,"name":"Home","item":"https:\/\/burmaprojekt.de\/"},{"@type":"ListItem","position":2,"name":"Philosophie"}]},{"@type":"WebSite","@id":"https:\/\/burmaprojekt.de\/#website","url":"https:\/\/burmaprojekt.de\/","name":"Burma Projekt","description":"","publisher":{"@id":"https:\/\/burmaprojekt.de\/#organization"},"potentialAction":[{"@type":"SearchAction","target":{"@type":"EntryPoint","urlTemplate":"https:\/\/burmaprojekt.de\/?s={search_term_string}"},"query-input":{"@type":"PropertyValueSpecification","valueRequired":true,"valueName":"search_term_string"}}],"inLanguage":"en-US"},{"@type":"Organization","@id":"https:\/\/burmaprojekt.de\/#organization","name":"Burma Projekt e.V. Berlin","url":"https:\/\/burmaprojekt.de\/","logo":{"@type":"ImageObject","inLanguage":"en-US","@id":"https:\/\/burmaprojekt.de\/#\/schema\/logo\/image\/","url":"https:\/\/burmaprojekt.de\/wp-content\/uploads\/2019\/03\/Logo.jpg","contentUrl":"https:\/\/burmaprojekt.de\/wp-content\/uploads\/2019\/03\/Logo.jpg","width":467,"height":720,"caption":"Burma Projekt e.V. Berlin"},"image":{"@id":"https:\/\/burmaprojekt.de\/#\/schema\/logo\/image\/"}}]}},"_links":{"self":[{"href":"https:\/\/burmaprojekt.de\/index.php?rest_route=\/wp\/v2\/pages\/385","targetHints":{"allow":["GET"]}}],"collection":[{"href":"https:\/\/burmaprojekt.de\/index.php?rest_route=\/wp\/v2\/pages"}],"about":[{"href":"https:\/\/burmaprojekt.de\/index.php?rest_route=\/wp\/v2\/types\/page"}],"author":[{"embeddable":true,"href":"https:\/\/burmaprojekt.de\/index.php?rest_route=\/wp\/v2\/users\/1"}],"replies":[{"embeddable":true,"href":"https:\/\/burmaprojekt.de\/index.php?rest_route=%2Fwp%2Fv2%2Fcomments&post=385"}],"version-history":[{"count":1,"href":"https:\/\/burmaprojekt.de\/index.php?rest_route=\/wp\/v2\/pages\/385\/revisions"}],"predecessor-version":[{"id":387,"href":"https:\/\/burmaprojekt.de\/index.php?rest_route=\/wp\/v2\/pages\/385\/revisions\/387"}],"wp:attachment":[{"href":"https:\/\/burmaprojekt.de\/index.php?rest_route=%2Fwp%2Fv2%2Fmedia&parent=385"}],"curies":[{"name":"wp","href":"https:\/\/api.w.org\/{rel}","templated":true}]}}